{"id":66,"date":"2025-09-01T23:59:37","date_gmt":"2025-09-02T02:59:37","guid":{"rendered":"http:\/\/alphaagrotech.com.br\/?page_id=66"},"modified":"2025-10-22T21:04:20","modified_gmt":"2025-10-23T00:04:20","slug":"suporte","status":"publish","type":"page","link":"https:\/\/alphaagrotech.com.br\/?page_id=66","title":{"rendered":"Quem somos"},"content":{"rendered":"\t\t<div data-elementor-type=\"wp-page\" data-elementor-id=\"66\" class=\"elementor elementor-66\" data-elementor-post-type=\"page\">\n\t\t\t\t<div class=\"elementor-element elementor-element-647300f elementor-hidden-desktop e-flex e-con-boxed e-con e-parent\" data-id=\"647300f\" data-element_type=\"container\" data-settings=\"{&quot;background_background&quot;:&quot;classic&quot;}\">\n\t\t\t\t\t<div class=\"e-con-inner\">\n\t\t<div class=\"elementor-element elementor-element-8162212 e-con-full e-flex e-con e-child\" data-id=\"8162212\" data-element_type=\"container\" data-settings=\"{&quot;background_background&quot;:&quot;classic&quot;}\">\n\t\t\t\t<div class=\"elementor-element elementor-element-6169e10 elementor-widget elementor-widget-image\" data-id=\"6169e10\" data-element_type=\"widget\" data-widget_type=\"image.default\">\n\t\t\t\t\t\t\t\t\t\t\t\t\t\t\t<img decoding=\"async\" width=\"70\" height=\"23\" src=\"https:\/\/alphaagrotech.com.br\/wp-content\/uploads\/2025\/09\/Logotipo-Alpha-Agrotech-white.svg\" class=\"attachment-large size-large wp-image-143\" alt=\"Logotipo Alpha Agrotech\" \/>\t\t\t\t\t\t\t\t\t\t\t\t\t\t\t<\/div>\n\t\t\t\t<\/div>\n\t\t<div class=\"elementor-element elementor-element-4727074 e-con-full e-flex e-con e-child\" data-id=\"4727074\" data-element_type=\"container\">\n\t\t\t\t<div class=\"elementor-element elementor-element-6c434c9 elementor-view-default elementor-widget elementor-widget-icon\" data-id=\"6c434c9\" data-element_type=\"widget\" data-widget_type=\"icon.default\">\n\t\t\t\t\t\t\t<div class=\"elementor-icon-wrapper\">\n\t\t\t<a class=\"elementor-icon\" href=\"#elementor-action%3Aaction%3Dpopup%3Aopen%26settings%3DeyJpZCI6IjEyNTQiLCJ0b2dnbGUiOmZhbHNlfQ%3D%3D\">\n\t\t\t<svg aria-hidden=\"true\" class=\"e-font-icon-svg e-fas-bars\" viewBox=\"0 0 448 512\" xmlns=\"http:\/\/www.w3.org\/2000\/svg\"><path d=\"M16 132h416c8.837 0 16-7.163 16-16V76c0-8.837-7.163-16-16-16H16C7.163 60 0 67.163 0 76v40c0 8.837 7.163 16 16 16zm0 160h416c8.837 0 16-7.163 16-16v-40c0-8.837-7.163-16-16-16H16c-8.837 0-16 7.163-16 16v40c0 8.837 7.163 16 16 16zm0 160h416c8.837 0 16-7.163 16-16v-40c0-8.837-7.163-16-16-16H16c-8.837 0-16 7.163-16 16v40c0 8.837 7.163 16 16 16z\"><\/path><\/svg>\t\t\t<\/a>\n\t\t<\/div>\n\t\t\t\t\t\t<\/div>\n\t\t\t\t<\/div>\n\t\t\t\t\t<\/div>\n\t\t\t\t<\/div>\n\t\t<div class=\"elementor-element elementor-element-a536c3f e-flex e-con-boxed e-con e-parent\" data-id=\"a536c3f\" data-element_type=\"container\" data-settings=\"{&quot;background_background&quot;:&quot;gradient&quot;}\">\n\t\t\t\t\t<div class=\"e-con-inner\">\n\t\t<div class=\"elementor-element elementor-element-2149271 e-con-full e-flex e-con e-child\" data-id=\"2149271\" data-element_type=\"container\">\n\t\t\t\t<div class=\"elementor-element elementor-element-6b2c862 elementor-widget__width-initial elementor-widget elementor-widget-heading\" data-id=\"6b2c862\" data-element_type=\"widget\" data-widget_type=\"heading.default\">\n\t\t\t\t\t<h2 class=\"elementor-heading-title elementor-size-default\">Conhe\u00e7a a equipe Alpha Agrotech<\/h2>\t\t\t\t<\/div>\n\t\t\t\t<div class=\"elementor-element elementor-element-ee650b9 elementor-widget elementor-widget-text-editor\" data-id=\"ee650b9\" data-element_type=\"widget\" data-widget_type=\"text-editor.default\">\n\t\t\t\t\t\t\t\t\t<p>A Alpha Agrotech nasceu com o prop\u00f3sito de transformar a gest\u00e3o no campo em algo simples, claro e estrat\u00e9gico. Unimos tecnologia de ponta e consultoria financeira especializada para que o produtor rural tenha controle total de suas finan\u00e7as e possa tomar decis\u00f5es seguras para o futuro do seu neg\u00f3cio.<\/p><p>Nossa hist\u00f3ria come\u00e7ou a partir da experi\u00eancia de mais de uma d\u00e9cada em consultoria de gest\u00e3o rural, o que nos deu conhecimento profundo sobre os desafios enfrentados pelos produtores. A partir dessa viv\u00eancia, evolu\u00edmos para desenvolver um software completo, capaz de integrar gest\u00e3o financeira, fiscal e de custos de produ\u00e7\u00e3o, oferecendo uma vis\u00e3o clara e precisa da rentabilidade no campo.<\/p><p>\u00a0<\/p>\t\t\t\t\t\t\t\t<\/div>\n\t\t\t\t<div class=\"elementor-element elementor-element-e9ea9fd elementor-hidden-tablet elementor-hidden-mobile elementor-widget elementor-widget-image\" data-id=\"e9ea9fd\" data-element_type=\"widget\" data-widget_type=\"image.default\">\n\t\t\t\t\t\t\t\t\t\t\t\t\t\t\t<img fetchpriority=\"high\" decoding=\"async\" width=\"445\" height=\"437\" src=\"https:\/\/alphaagrotech.com.br\/wp-content\/uploads\/2025\/09\/Mockup-laptop-2.png\" class=\"attachment-large size-large wp-image-752\" alt=\"mockup notebook\" srcset=\"https:\/\/alphaagrotech.com.br\/wp-content\/uploads\/2025\/09\/Mockup-laptop-2.png 445w, https:\/\/alphaagrotech.com.br\/wp-content\/uploads\/2025\/09\/Mockup-laptop-2-300x295.png 300w\" sizes=\"(max-width: 445px) 100vw, 445px\" \/>\t\t\t\t\t\t\t\t\t\t\t\t\t\t\t<\/div>\n\t\t\t\t<\/div>\n\t\t<div class=\"elementor-element elementor-element-c139028 e-con-full e-flex e-con e-child\" data-id=\"c139028\" data-element_type=\"container\" data-settings=\"{&quot;background_background&quot;:&quot;classic&quot;}\">\n\t\t\t\t<div class=\"elementor-element elementor-element-3bc96ef elementor-widget elementor-widget-image\" data-id=\"3bc96ef\" data-element_type=\"widget\" data-widget_type=\"image.default\">\n\t\t\t\t\t\t\t\t\t\t\t\t\t\t\t<img decoding=\"async\" width=\"622\" height=\"325\" src=\"https:\/\/alphaagrotech.com.br\/wp-content\/uploads\/2025\/09\/alpha-img.png\" class=\"attachment-large size-large wp-image-741\" alt=\"imagem da equipe\" srcset=\"https:\/\/alphaagrotech.com.br\/wp-content\/uploads\/2025\/09\/alpha-img.png 622w, https:\/\/alphaagrotech.com.br\/wp-content\/uploads\/2025\/09\/alpha-img-300x157.png 300w\" sizes=\"(max-width: 622px) 100vw, 622px\" \/>\t\t\t\t\t\t\t\t\t\t\t\t\t\t\t<\/div>\n\t\t<div class=\"elementor-element elementor-element-9a42f06 e-con-full e-flex e-con e-child\" data-id=\"9a42f06\" data-element_type=\"container\">\n\t\t\t\t<div class=\"elementor-element elementor-element-d0a6e41 elementor-widget elementor-widget-text-editor\" data-id=\"d0a6e41\" data-element_type=\"widget\" data-widget_type=\"text-editor.default\">\n\t\t\t\t\t\t\t\t\t<p>Mais do que fornecer um sistema, acreditamos no relacionamento pr\u00f3ximo e humanizado. Cada cliente \u00e9 acompanhado de forma personalizada, com suporte dedicado e consultoria que interpreta os n\u00fameros e aponta caminhos pr\u00e1ticos para melhorar resultados.<br \/>Hoje, a Alpha Agrotech atende produtores em diferentes estados do Brasil, sempre com o compromisso de entregar solu\u00e7\u00f5es que unem inova\u00e7\u00e3o, simplicidade e resultados reais.<\/p><p>Nossa miss\u00e3o \u00e9 apoiar o produtor rural em sua jornada de crescimento sustent\u00e1vel, garantindo que ele tenha clareza nos n\u00fameros, efici\u00eancia nos processos e confian\u00e7a nas decis\u00f5es.<\/p>\t\t\t\t\t\t\t\t<\/div>\n\t\t\t\t<\/div>\n\t\t\t\t<\/div>\n\t\t\t\t\t<\/div>\n\t\t\t\t<\/div>\n\t\t\t\t<\/div>\n\t\t","protected":false},"excerpt":{"rendered":"<p>Conhe\u00e7a a equipe Alpha Agrotech A Alpha Agrotech nasceu com o prop\u00f3sito de transformar a gest\u00e3o no campo em algo simples, claro e estrat\u00e9gico. Unimos tecnologia de ponta e consultoria financeira especializada para que o produtor rural tenha controle total de suas finan\u00e7as e possa tomar decis\u00f5es seguras para o futuro do seu neg\u00f3cio. Nossa [&hellip;]<\/p>\n","protected":false},"author":1,"featured_media":0,"parent":0,"menu_order":0,"comment_status":"closed","ping_status":"closed","template":"elementor_header_footer","meta":{"footnotes":""},"class_list":["post-66","page","type-page","status-publish","hentry"],"yoast_head":"<!-- This site is optimized with the Yoast SEO plugin v26.2 - https:\/\/yoast.com\/wordpress\/plugins\/seo\/ -->\n<title>Quem somos - Alpha Agrotech<\/title>\n<meta name=\"robots\" content=\"index, follow, max-snippet:-1, max-image-preview:large, max-video-preview:-1\" \/>\n<link rel=\"canonical\" href=\"https:\/\/alphaagrotech.com.br\/?page_id=66\" \/>\n<meta property=\"og:locale\" content=\"en_US\" \/>\n<meta property=\"og:type\" content=\"article\" \/>\n<meta property=\"og:title\" content=\"Quem somos - Alpha Agrotech\" \/>\n<meta property=\"og:description\" content=\"Conhe\u00e7a a equipe Alpha Agrotech A Alpha Agrotech nasceu com o prop\u00f3sito de transformar a gest\u00e3o no campo em algo simples, claro e estrat\u00e9gico. Unimos tecnologia de ponta e consultoria financeira especializada para que o produtor rural tenha controle total de suas finan\u00e7as e possa tomar decis\u00f5es seguras para o futuro do seu neg\u00f3cio. Nossa [&hellip;]\" \/>\n<meta property=\"og:url\" content=\"https:\/\/alphaagrotech.com.br\/?page_id=66\" \/>\n<meta property=\"og:site_name\" content=\"Alpha Agrotech\" \/>\n<meta property=\"article:publisher\" content=\"https:\/\/www.facebook.com\/profile.php?id=61578349989805\" \/>\n<meta property=\"article:modified_time\" content=\"2025-10-23T00:04:20+00:00\" \/>\n<meta property=\"og:image\" content=\"http:\/\/alphaagrotech.com.br\/wp-content\/uploads\/2025\/09\/Logotipo-Alpha-Agrotech-white.svg\" \/>\n<meta name=\"twitter:card\" content=\"summary_large_image\" \/>\n<meta name=\"twitter:label1\" content=\"Est. reading time\" \/>\n\t<meta name=\"twitter:data1\" content=\"1 minute\" \/>\n<script type=\"application\/ld+json\" class=\"yoast-schema-graph\">{\"@context\":\"https:\/\/schema.org\",\"@graph\":[{\"@type\":\"WebPage\",\"@id\":\"https:\/\/alphaagrotech.com.br\/?page_id=66\",\"url\":\"https:\/\/alphaagrotech.com.br\/?page_id=66\",\"name\":\"Quem somos - Alpha Agrotech\",\"isPartOf\":{\"@id\":\"https:\/\/alphaagrotech.com.br\/#website\"},\"primaryImageOfPage\":{\"@id\":\"https:\/\/alphaagrotech.com.br\/?page_id=66#primaryimage\"},\"image\":{\"@id\":\"https:\/\/alphaagrotech.com.br\/?page_id=66#primaryimage\"},\"thumbnailUrl\":\"http:\/\/alphaagrotech.com.br\/wp-content\/uploads\/2025\/09\/Logotipo-Alpha-Agrotech-white.svg\",\"datePublished\":\"2025-09-02T02:59:37+00:00\",\"dateModified\":\"2025-10-23T00:04:20+00:00\",\"breadcrumb\":{\"@id\":\"https:\/\/alphaagrotech.com.br\/?page_id=66#breadcrumb\"},\"inLanguage\":\"en-US\",\"potentialAction\":[{\"@type\":\"ReadAction\",\"target\":[\"https:\/\/alphaagrotech.com.br\/?page_id=66\"]}]},{\"@type\":\"ImageObject\",\"inLanguage\":\"en-US\",\"@id\":\"https:\/\/alphaagrotech.com.br\/?page_id=66#primaryimage\",\"url\":\"https:\/\/alphaagrotech.com.br\/wp-content\/uploads\/2025\/09\/Logotipo-Alpha-Agrotech-white.svg\",\"contentUrl\":\"https:\/\/alphaagrotech.com.br\/wp-content\/uploads\/2025\/09\/Logotipo-Alpha-Agrotech-white.svg\",\"width\":70,\"height\":23,\"caption\":\"Logotipo Alpha Agrotech\"},{\"@type\":\"BreadcrumbList\",\"@id\":\"https:\/\/alphaagrotech.com.br\/?page_id=66#breadcrumb\",\"itemListElement\":[{\"@type\":\"ListItem\",\"position\":1,\"name\":\"In\u00edcio\",\"item\":\"https:\/\/alphaagrotech.com.br\/\"},{\"@type\":\"ListItem\",\"position\":2,\"name\":\"Quem somos\"}]},{\"@type\":\"WebSite\",\"@id\":\"https:\/\/alphaagrotech.com.br\/#website\",\"url\":\"https:\/\/alphaagrotech.com.br\/\",\"name\":\"Alpha Agrotech\",\"description\":\"O Alpha Agrotech \u00e9 o software que transforma a gest\u00e3o da sua propriedade rural com tecnologia e consultoria especializada.\",\"publisher\":{\"@id\":\"https:\/\/alphaagrotech.com.br\/#organization\"},\"alternateName\":\"Alpha Agrotech\",\"potentialAction\":[{\"@type\":\"SearchAction\",\"target\":{\"@type\":\"EntryPoint\",\"urlTemplate\":\"https:\/\/alphaagrotech.com.br\/?s={search_term_string}\"},\"query-input\":{\"@type\":\"PropertyValueSpecification\",\"valueRequired\":true,\"valueName\":\"search_term_string\"}}],\"inLanguage\":\"en-US\"},{\"@type\":\"Organization\",\"@id\":\"https:\/\/alphaagrotech.com.br\/#organization\",\"name\":\"Alpha Agrotech\",\"url\":\"https:\/\/alphaagrotech.com.br\/\",\"logo\":{\"@type\":\"ImageObject\",\"inLanguage\":\"en-US\",\"@id\":\"https:\/\/alphaagrotech.com.br\/#\/schema\/logo\/image\/\",\"url\":\"https:\/\/alphaagrotech.com.br\/wp-content\/uploads\/2025\/09\/Logotipo-Alpha-Agrotech.svg\",\"contentUrl\":\"https:\/\/alphaagrotech.com.br\/wp-content\/uploads\/2025\/09\/Logotipo-Alpha-Agrotech.svg\",\"width\":287,\"height\":97,\"caption\":\"Alpha Agrotech\"},\"image\":{\"@id\":\"https:\/\/alphaagrotech.com.br\/#\/schema\/logo\/image\/\"},\"sameAs\":[\"https:\/\/www.facebook.com\/profile.php?id=61578349989805\",\"https:\/\/www.instagram.com\/alpha_agrotech\/\"]}]}<\/script>\n<!-- \/ Yoast SEO plugin. -->","yoast_head_json":{"title":"Quem somos - Alpha Agrotech","robots":{"index":"index","follow":"follow","max-snippet":"max-snippet:-1","max-image-preview":"max-image-preview:large","max-video-preview":"max-video-preview:-1"},"canonical":"https:\/\/alphaagrotech.com.br\/?page_id=66","og_locale":"en_US","og_type":"article","og_title":"Quem somos - Alpha Agrotech","og_description":"Conhe\u00e7a a equipe Alpha Agrotech A Alpha Agrotech nasceu com o prop\u00f3sito de transformar a gest\u00e3o no campo em algo simples, claro e estrat\u00e9gico. Unimos tecnologia de ponta e consultoria financeira especializada para que o produtor rural tenha controle total de suas finan\u00e7as e possa tomar decis\u00f5es seguras para o futuro do seu neg\u00f3cio. Nossa [&hellip;]","og_url":"https:\/\/alphaagrotech.com.br\/?page_id=66","og_site_name":"Alpha Agrotech","article_publisher":"https:\/\/www.facebook.com\/profile.php?id=61578349989805","article_modified_time":"2025-10-23T00:04:20+00:00","og_image":[{"url":"http:\/\/alphaagrotech.com.br\/wp-content\/uploads\/2025\/09\/Logotipo-Alpha-Agrotech-white.svg","type":"","width":"","height":""}],"twitter_card":"summary_large_image","twitter_misc":{"Est. reading time":"1 minute"},"schema":{"@context":"https:\/\/schema.org","@graph":[{"@type":"WebPage","@id":"https:\/\/alphaagrotech.com.br\/?page_id=66","url":"https:\/\/alphaagrotech.com.br\/?page_id=66","name":"Quem somos - Alpha Agrotech","isPartOf":{"@id":"https:\/\/alphaagrotech.com.br\/#website"},"primaryImageOfPage":{"@id":"https:\/\/alphaagrotech.com.br\/?page_id=66#primaryimage"},"image":{"@id":"https:\/\/alphaagrotech.com.br\/?page_id=66#primaryimage"},"thumbnailUrl":"http:\/\/alphaagrotech.com.br\/wp-content\/uploads\/2025\/09\/Logotipo-Alpha-Agrotech-white.svg","datePublished":"2025-09-02T02:59:37+00:00","dateModified":"2025-10-23T00:04:20+00:00","breadcrumb":{"@id":"https:\/\/alphaagrotech.com.br\/?page_id=66#breadcrumb"},"inLanguage":"en-US","potentialAction":[{"@type":"ReadAction","target":["https:\/\/alphaagrotech.com.br\/?page_id=66"]}]},{"@type":"ImageObject","inLanguage":"en-US","@id":"https:\/\/alphaagrotech.com.br\/?page_id=66#primaryimage","url":"https:\/\/alphaagrotech.com.br\/wp-content\/uploads\/2025\/09\/Logotipo-Alpha-Agrotech-white.svg","contentUrl":"https:\/\/alphaagrotech.com.br\/wp-content\/uploads\/2025\/09\/Logotipo-Alpha-Agrotech-white.svg","width":70,"height":23,"caption":"Logotipo Alpha Agrotech"},{"@type":"BreadcrumbList","@id":"https:\/\/alphaagrotech.com.br\/?page_id=66#breadcrumb","itemListElement":[{"@type":"ListItem","position":1,"name":"In\u00edcio","item":"https:\/\/alphaagrotech.com.br\/"},{"@type":"ListItem","position":2,"name":"Quem somos"}]},{"@type":"WebSite","@id":"https:\/\/alphaagrotech.com.br\/#website","url":"https:\/\/alphaagrotech.com.br\/","name":"Alpha Agrotech","description":"O Alpha Agrotech \u00e9 o software que transforma a gest\u00e3o da sua propriedade rural com tecnologia e consultoria especializada.","publisher":{"@id":"https:\/\/alphaagrotech.com.br\/#organization"},"alternateName":"Alpha Agrotech","potentialAction":[{"@type":"SearchAction","target":{"@type":"EntryPoint","urlTemplate":"https:\/\/alphaagrotech.com.br\/?s={search_term_string}"},"query-input":{"@type":"PropertyValueSpecification","valueRequired":true,"valueName":"search_term_string"}}],"inLanguage":"en-US"},{"@type":"Organization","@id":"https:\/\/alphaagrotech.com.br\/#organization","name":"Alpha Agrotech","url":"https:\/\/alphaagrotech.com.br\/","logo":{"@type":"ImageObject","inLanguage":"en-US","@id":"https:\/\/alphaagrotech.com.br\/#\/schema\/logo\/image\/","url":"https:\/\/alphaagrotech.com.br\/wp-content\/uploads\/2025\/09\/Logotipo-Alpha-Agrotech.svg","contentUrl":"https:\/\/alphaagrotech.com.br\/wp-content\/uploads\/2025\/09\/Logotipo-Alpha-Agrotech.svg","width":287,"height":97,"caption":"Alpha Agrotech"},"image":{"@id":"https:\/\/alphaagrotech.com.br\/#\/schema\/logo\/image\/"},"sameAs":["https:\/\/www.facebook.com\/profile.php?id=61578349989805","https:\/\/www.instagram.com\/alpha_agrotech\/"]}]}},"_links":{"self":[{"href":"https:\/\/alphaagrotech.com.br\/index.php?rest_route=\/wp\/v2\/pages\/66","targetHints":{"allow":["GET"]}}],"collection":[{"href":"https:\/\/alphaagrotech.com.br\/index.php?rest_route=\/wp\/v2\/pages"}],"about":[{"href":"https:\/\/alphaagrotech.com.br\/index.php?rest_route=\/wp\/v2\/types\/page"}],"author":[{"embeddable":true,"href":"https:\/\/alphaagrotech.com.br\/index.php?rest_route=\/wp\/v2\/users\/1"}],"replies":[{"embeddable":true,"href":"https:\/\/alphaagrotech.com.br\/index.php?rest_route=%2Fwp%2Fv2%2Fcomments&post=66"}],"version-history":[{"count":12,"href":"https:\/\/alphaagrotech.com.br\/index.php?rest_route=\/wp\/v2\/pages\/66\/revisions"}],"predecessor-version":[{"id":1356,"href":"https:\/\/alphaagrotech.com.br\/index.php?rest_route=\/wp\/v2\/pages\/66\/revisions\/1356"}],"wp:attachment":[{"href":"https:\/\/alphaagrotech.com.br\/index.php?rest_route=%2Fwp%2Fv2%2Fmedia&parent=66"}],"curies":[{"name":"wp","href":"https:\/\/api.w.org\/{rel}","templated":true}]}}