{"id":13,"date":"2025-09-01T21:50:56","date_gmt":"2025-09-02T00:50:56","guid":{"rendered":"http:\/\/alphaagrotech.com.br\/?page_id=13"},"modified":"2025-10-30T20:50:18","modified_gmt":"2025-10-30T23:50:18","slug":"home-alpha-agrotech","status":"publish","type":"page","link":"https:\/\/alphaagrotech.com.br\/?page_id=13","title":{"rendered":"Demonstra\u00e7\u00e3o"},"content":{"rendered":"\t\t<div data-elementor-type=\"wp-page\" data-elementor-id=\"13\" class=\"elementor elementor-13\" data-elementor-post-type=\"page\">\n\t\t\t\t<div class=\"elementor-element elementor-element-1340529 elementor-hidden-desktop e-flex e-con-boxed e-con e-parent\" data-id=\"1340529\" data-element_type=\"container\" data-settings=\"{&quot;background_background&quot;:&quot;classic&quot;}\">\n\t\t\t\t\t<div class=\"e-con-inner\">\n\t\t<div class=\"elementor-element elementor-element-18675bd e-con-full e-flex e-con e-child\" data-id=\"18675bd\" data-element_type=\"container\" data-settings=\"{&quot;background_background&quot;:&quot;classic&quot;}\">\n\t\t\t\t<div class=\"elementor-element elementor-element-9167d33 elementor-widget elementor-widget-image\" data-id=\"9167d33\" data-element_type=\"widget\" data-widget_type=\"image.default\">\n\t\t\t\t\t\t\t\t\t\t\t\t\t\t\t<img decoding=\"async\" width=\"70\" height=\"23\" src=\"https:\/\/alphaagrotech.com.br\/wp-content\/uploads\/2025\/09\/Logotipo-Alpha-Agrotech-white.svg\" class=\"attachment-large size-large wp-image-143\" alt=\"Logotipo Alpha Agrotech\" \/>\t\t\t\t\t\t\t\t\t\t\t\t\t\t\t<\/div>\n\t\t\t\t<\/div>\n\t\t<div class=\"elementor-element elementor-element-c318a29 e-con-full e-flex e-con e-child\" data-id=\"c318a29\" data-element_type=\"container\">\n\t\t\t\t<div class=\"elementor-element elementor-element-4f0d163 elementor-view-default elementor-widget elementor-widget-icon\" data-id=\"4f0d163\" data-element_type=\"widget\" data-widget_type=\"icon.default\">\n\t\t\t\t\t\t\t<div class=\"elementor-icon-wrapper\">\n\t\t\t<a class=\"elementor-icon\" href=\"#elementor-action%3Aaction%3Dpopup%3Aopen%26settings%3DeyJpZCI6IjEyNTQiLCJ0b2dnbGUiOmZhbHNlfQ%3D%3D\">\n\t\t\t<svg aria-hidden=\"true\" class=\"e-font-icon-svg e-fas-bars\" viewBox=\"0 0 448 512\" xmlns=\"http:\/\/www.w3.org\/2000\/svg\"><path d=\"M16 132h416c8.837 0 16-7.163 16-16V76c0-8.837-7.163-16-16-16H16C7.163 60 0 67.163 0 76v40c0 8.837 7.163 16 16 16zm0 160h416c8.837 0 16-7.163 16-16v-40c0-8.837-7.163-16-16-16H16c-8.837 0-16 7.163-16 16v40c0 8.837 7.163 16 16 16zm0 160h416c8.837 0 16-7.163 16-16v-40c0-8.837-7.163-16-16-16H16c-8.837 0-16 7.163-16 16v40c0 8.837 7.163 16 16 16z\"><\/path><\/svg>\t\t\t<\/a>\n\t\t<\/div>\n\t\t\t\t\t\t<\/div>\n\t\t\t\t<\/div>\n\t\t\t\t\t<\/div>\n\t\t\t\t<\/div>\n\t\t<div class=\"elementor-element elementor-element-95443ae e-flex e-con-boxed e-con e-parent\" data-id=\"95443ae\" data-element_type=\"container\" data-settings=\"{&quot;background_background&quot;:&quot;classic&quot;}\">\n\t\t\t\t\t<div class=\"e-con-inner\">\n\t\t<div class=\"elementor-element elementor-element-322eee3 e-con-full box e-flex e-con e-child\" data-id=\"322eee3\" data-element_type=\"container\" data-settings=\"{&quot;background_background&quot;:&quot;classic&quot;}\">\n\t\t<div class=\"elementor-element elementor-element-882bdc2 e-grid e-con-full e-con e-child\" data-id=\"882bdc2\" data-element_type=\"container\">\n\t\t<div class=\"elementor-element elementor-element-f8b7fe8 e-con-full e-flex e-con e-child\" data-id=\"f8b7fe8\" data-element_type=\"container\">\n\t\t\t\t<div class=\"elementor-element elementor-element-4c6407e elementor-widget elementor-widget-image\" data-id=\"4c6407e\" data-element_type=\"widget\" data-widget_type=\"image.default\">\n\t\t\t\t\t\t\t\t\t\t\t\t\t\t\t<img decoding=\"async\" width=\"287\" height=\"97\" src=\"https:\/\/alphaagrotech.com.br\/wp-content\/uploads\/2025\/09\/Logotipo-Alpha-Agrotech.svg\" class=\"attachment-large size-large wp-image-78\" alt=\"Logotipo Alpha Agrotech colorido\" \/>\t\t\t\t\t\t\t\t\t\t\t\t\t\t\t<\/div>\n\t\t\t\t<div class=\"elementor-element elementor-element-e455772 elementor-widget__width-initial elementor-widget elementor-widget-heading\" data-id=\"e455772\" data-element_type=\"widget\" data-widget_type=\"heading.default\">\n\t\t\t\t\t<h2 class=\"elementor-heading-title elementor-size-default\">Experimente uma gest\u00e3o \u00e1gil, precisa e digital por <span style=\"color: #3dbb6f\"> <b>7 dias gr\u00e1tis<\/b><\/span><\/h2>\t\t\t\t<\/div>\n\t\t\t\t<div class=\"elementor-element elementor-element-f3a71bd elementor-widget__width-initial elementor-widget elementor-widget-text-editor\" data-id=\"f3a71bd\" data-element_type=\"widget\" data-widget_type=\"text-editor.default\">\n\t\t\t\t\t\t\t\t\t<p>Tem d\u00favidas? Quer contratar nosso software? Fale conosco!<\/p>\t\t\t\t\t\t\t\t<\/div>\n\t\t\t\t<\/div>\n\t\t<div class=\"elementor-element elementor-element-3a04c23 e-con-full box e-flex e-con e-child\" data-id=\"3a04c23\" data-element_type=\"container\" data-settings=\"{&quot;background_background&quot;:&quot;classic&quot;}\">\n\t\t\t\t<div class=\"elementor-element elementor-element-0112fd2 elementor-button-align-stretch elementor-widget elementor-widget-form\" data-id=\"0112fd2\" data-element_type=\"widget\" data-settings=\"{&quot;button_width&quot;:&quot;40&quot;,&quot;step_next_label&quot;:&quot;Next&quot;,&quot;step_previous_label&quot;:&quot;Previous&quot;,&quot;step_type&quot;:&quot;number_text&quot;,&quot;step_icon_shape&quot;:&quot;circle&quot;}\" data-widget_type=\"form.default\">\n\t\t\t\t\t\t\t<form class=\"elementor-form\" method=\"post\" name=\"New Form\" aria-label=\"New Form\">\n\t\t\t<input type=\"hidden\" name=\"post_id\" value=\"13\"\/>\n\t\t\t<input type=\"hidden\" name=\"form_id\" value=\"0112fd2\"\/>\n\t\t\t<input type=\"hidden\" name=\"referer_title\" value=\"Demonstra\u00e7\u00e3o - Alpha Agrotech\" \/>\n\n\t\t\t\t\t\t\t<input type=\"hidden\" name=\"queried_id\" value=\"13\"\/>\n\t\t\t\n\t\t\t<div class=\"elementor-form-fields-wrapper elementor-labels-above\">\n\t\t\t\t\t\t\t\t<div class=\"elementor-field-type-text elementor-field-group elementor-column elementor-field-group-nome elementor-col-100 elementor-field-required\">\n\t\t\t\t\t\t\t\t\t\t\t\t<label for=\"form-field-nome\" class=\"elementor-field-label\">\n\t\t\t\t\t\t\t\tNome\t\t\t\t\t\t\t<\/label>\n\t\t\t\t\t\t\t\t\t\t\t\t\t\t<input size=\"1\" type=\"text\" name=\"form_fields[nome]\" id=\"form-field-nome\" class=\"elementor-field elementor-size-sm  elementor-field-textual\" placeholder=\"Jo\u00e3o Silva\" required=\"required\">\n\t\t\t\t\t\t\t\t\t\t\t<\/div>\n\t\t\t\t\t\t\t\t<div class=\"elementor-field-type-text elementor-field-group elementor-column elementor-field-group-email elementor-col-100 elementor-field-required\">\n\t\t\t\t\t\t\t\t\t\t\t\t<label for=\"form-field-email\" class=\"elementor-field-label\">\n\t\t\t\t\t\t\t\tEmail\t\t\t\t\t\t\t<\/label>\n\t\t\t\t\t\t\t\t\t\t\t\t\t\t<input size=\"1\" type=\"text\" name=\"form_fields[email]\" id=\"form-field-email\" class=\"elementor-field elementor-size-sm  elementor-field-textual\" placeholder=\"Seu melhor email...\" required=\"required\">\n\t\t\t\t\t\t\t\t\t\t\t<\/div>\n\t\t\t\t\t\t\t\t<div class=\"elementor-field-type-text elementor-field-group elementor-column elementor-field-group-telefone elementor-col-100 elementor-field-required\">\n\t\t\t\t\t\t\t\t\t\t\t\t<label for=\"form-field-telefone\" class=\"elementor-field-label\">\n\t\t\t\t\t\t\t\tWhatsApp\t\t\t\t\t\t\t<\/label>\n\t\t\t\t\t\t\t\t\t\t\t\t\t\t<input size=\"1\" type=\"text\" name=\"form_fields[telefone]\" id=\"form-field-telefone\" class=\"elementor-field elementor-size-sm  elementor-field-textual\" placeholder=\"Digite seu n\u00famero...\" required=\"required\">\n\t\t\t\t\t\t\t\t\t\t\t<\/div>\n\t\t\t\t\t\t\t\t<div class=\"elementor-field-type-acceptance elementor-field-group elementor-column elementor-field-group-field_10e8c65 elementor-col-100 elementor-field-required\">\n\t\t\t\t\t\t\t<div class=\"elementor-field-subgroup\">\n\t\t\t<span class=\"elementor-field-option\">\n\t\t\t\t<input type=\"checkbox\" name=\"form_fields[field_10e8c65]\" id=\"form-field-field_10e8c65\" class=\"elementor-field elementor-size-sm  elementor-acceptance-field\" required=\"required\">\n\t\t\t\t<label for=\"form-field-field_10e8c65\">Li e aceito os Termos de Uso e a Pol\u00edtica de Privacidade.<\/label>\t\t\t<\/span>\n\t\t<\/div>\n\t\t\t\t\t\t<\/div>\n\t\t\t\t\t\t\t\t<div class=\"elementor-field-group elementor-column elementor-field-type-submit elementor-col-40 e-form__buttons\">\n\t\t\t\t\t<button class=\"elementor-button elementor-size-sm\" type=\"submit\">\n\t\t\t\t\t\t<span class=\"elementor-button-content-wrapper\">\n\t\t\t\t\t\t\t\t\t\t\t\t\t\t\t\t\t\t\t\t\t\t<span class=\"elementor-button-text\">Enviar<\/span>\n\t\t\t\t\t\t\t\t\t\t\t\t\t<\/span>\n\t\t\t\t\t<\/button>\n\t\t\t\t<\/div>\n\t\t\t<\/div>\n\t\t<\/form>\n\t\t\t\t\t\t<\/div>\n\t\t\t\t<\/div>\n\t\t\t\t<\/div>\n\t\t\t\t<\/div>\n\t\t\t\t<div class=\"elementor-element elementor-element-7b25371 elementor-widget elementor-widget-html\" data-id=\"7b25371\" data-element_type=\"widget\" data-widget_type=\"html.default\">\n\t\t\t\t\t<script>\r\nfunction mascara(o, f) {\r\n    v_obj = o;\r\n    v_fun = f;\r\n    setTimeout(\"execmascara()\", 1);\r\n}\r\n\r\nfunction execmascara() {\r\n    v_obj.value = v_fun(v_obj.value);\r\n}\r\n\r\nfunction mascaraCpf(valor) {\r\n    valor = valor.replace(\/\\D\/g, \"\");\r\n    valor = valor.replace(\/(\\d{3})(\\d)\/, \"$1.$2\");\r\n    valor = valor.replace(\/(\\d{3})(\\d)\/, \"$1.$2\");\r\n    valor = valor.replace(\/(\\d{3})(\\d{1,2})$\/, \"$1-$2\");\r\n    return valor;\r\n}\r\n\r\nfunction mascaraCnpj(valor) {\r\n    valor = valor.replace(\/\\D\/g, \"\");\r\n    valor = valor.replace(\/^(\\d{2})(\\d)\/, \"$1.$2\");\r\n    valor = valor.replace(\/^(\\d{2})\\.(\\d{3})(\\d)\/, \"$1.$2.$3\");\r\n    valor = valor.replace(\/\\.(\\d{3})(\\d)\/, \".$1\/$2\");\r\n    valor = valor.replace(\/(\\d{4})(\\d)\/, \"$1-$2\");\r\n    return valor;\r\n}\r\n\r\nfunction mascaraTelefone(valor) {\r\n    valor = valor.replace(\/\\D\/g, \"\");\r\n    valor = valor.replace(\/^(\\d{2})(\\d)\/, \"($1) $2\");\r\n    valor = valor.replace(\/(\\d{5})(\\d)\/, \"$1-$2\");\r\n    return valor;\r\n}\r\n\r\nfunction mascaraMoeda(valor) {\r\n    valor = valor.replace(\/\\D\/g, \"\");\r\n    if (valor === \"\") {\r\n        return \"\";\r\n    }\r\n    valor = parseInt(valor).toString();\r\n    valor = (parseInt(valor) \/ 100).toFixed(2);\r\n    valor = valor.replace(\".\", \",\");\r\n    valor = valor.replace(\/(\\d)(?=(\\d{3})+\\,)\/g, \"$1.\");\r\n    return \"R$ \" + valor;\r\n}\r\n\r\nfunction mascaraCep(valor) {\r\n    valor = valor.replace(\/\\D\/g, \"\");\r\n    valor = valor.replace(\/^(\\d{5})(\\d)\/, \"$1-$2\");\r\n    return valor;\r\n}\r\n\r\nfunction mascaraData(valor) {\r\n    valor = valor.replace(\/\\D\/g, \"\");\r\n    valor = valor.replace(\/(\\d{2})(\\d)\/, \"$1\/$2\");\r\n    valor = valor.replace(\/(\\d{2})(\\d)\/, \"$1\/$2\");\r\n    return valor;\r\n}\r\n\r\nfunction mascaraHora(valor) {\r\n    valor = valor.replace(\/\\D\/g, \"\");\r\n    valor = valor.replace(\/(\\d{2})(\\d)\/, \"$1:$2\");\r\n    valor = valor.replace(\/(\\d{2})(\\d)\/, \"$1:$2\");\r\n    return valor;\r\n}\r\n\r\n\r\n\r\nwindow.onload = function() {\r\n    configurarMascara('cpf', '.elementor-form input[name=\"form_fields[cpf]\"]', mascaraCpf, 14);\r\n    configurarMascara('cnpj', '.elementor-form input[name=\"form_fields[cnpj]\"]', mascaraCnpj, 18);\r\n    configurarMascara('telefone', '.elementor-form input[name=\"form_fields[telefone]\"]', mascaraTelefone, 15);\r\n    configurarMascara('moeda', '.elementor-form input[name=\"form_fields[moeda]\"]', mascaraMoeda, 20);\r\n    configurarMascara('cep', '.elementor-form input[name=\"form_fields[cep]\"]', mascaraCep, 9);\r\n    configurarMascara('data', '.elementor-form input[name=\"form_fields[data]\"]', mascaraData, 10);\r\n    configurarMascara('hora', '.elementor-form input[name=\"form_fields[hora]\"]', mascaraHora, 8);\r\n};\r\n\r\nfunction configurarMascara(tipo, seletor, funcaoMascara, tamanhoMax) {\r\n    let campos = document.querySelectorAll(seletor);\r\n    campos.forEach(function(campo) {\r\n        campo.setAttribute('maxlength', tamanhoMax);\r\n        campo.onkeyup = function() {\r\n            mascara(this, funcaoMascara);\r\n        };\r\n    });\r\n}\r\n\r\nwindow.addEventListener( 'elementor\/popup\/show', ( event )=>{ \r\n    configurarMascara('cpf', '.elementor-form input[name=\"form_fields[cpf]\"]', mascaraCpf, 14);\r\n    configurarMascara('cnpj', '.elementor-form input[name=\"form_fields[cnpj]\"]', mascaraCnpj, 18);\r\n    configurarMascara('telefone', '.elementor-form input[name=\"form_fields[telefone]\"]', mascaraTelefone, 15);\r\n    configurarMascara('moeda', '.elementor-form input[name=\"form_fields[moeda]\"]', mascaraMoeda, 20);\r\n    configurarMascara('cep', '.elementor-form input[name=\"form_fields[cep]\"]', mascaraCep, 9);\r\n    configurarMascara('data', '.elementor-form input[name=\"form_fields[data]\"]', mascaraData, 10);\r\n    configurarMascara('hora', '.elementor-form input[name=\"form_fields[hora]\"]', mascaraHora, 8);\r\n});\r\n<\/script>\t\t\t\t<\/div>\n\t\t\t\t\t<\/div>\n\t\t\t\t<\/div>\n\t\t\t\t<\/div>\n\t\t","protected":false},"excerpt":{"rendered":"<p>Experimente uma gest\u00e3o \u00e1gil, precisa e digital por 7 dias gr\u00e1tis Tem d\u00favidas? Quer contratar nosso software? Fale conosco!<\/p>\n","protected":false},"author":1,"featured_media":0,"parent":0,"menu_order":0,"comment_status":"closed","ping_status":"closed","template":"elementor_header_footer","meta":{"footnotes":""},"class_list":["post-13","page","type-page","status-publish","hentry"],"yoast_head":"<!-- This site is optimized with the Yoast SEO plugin v26.2 - https:\/\/yoast.com\/wordpress\/plugins\/seo\/ -->\n<title>Demonstra\u00e7\u00e3o - Alpha Agrotech<\/title>\n<meta name=\"robots\" content=\"index, follow, max-snippet:-1, max-image-preview:large, max-video-preview:-1\" \/>\n<link rel=\"canonical\" href=\"https:\/\/alphaagrotech.com.br\/?page_id=13\" \/>\n<meta property=\"og:locale\" content=\"en_US\" \/>\n<meta property=\"og:type\" content=\"article\" \/>\n<meta property=\"og:title\" content=\"Demonstra\u00e7\u00e3o - Alpha Agrotech\" \/>\n<meta property=\"og:description\" content=\"Experimente uma gest\u00e3o \u00e1gil, precisa e digital por 7 dias gr\u00e1tis Tem d\u00favidas? Quer contratar nosso software? Fale conosco!\" \/>\n<meta property=\"og:url\" content=\"https:\/\/alphaagrotech.com.br\/?page_id=13\" \/>\n<meta property=\"og:site_name\" content=\"Alpha Agrotech\" \/>\n<meta property=\"article:publisher\" content=\"https:\/\/www.facebook.com\/profile.php?id=61578349989805\" \/>\n<meta property=\"article:modified_time\" content=\"2025-10-30T23:50:18+00:00\" \/>\n<meta property=\"og:image\" content=\"http:\/\/alphaagrotech.com.br\/wp-content\/uploads\/2025\/09\/Logotipo-Alpha-Agrotech-white.svg\" \/>\n<meta name=\"twitter:card\" content=\"summary_large_image\" \/>\n<meta name=\"twitter:label1\" content=\"Est. reading time\" \/>\n\t<meta name=\"twitter:data1\" content=\"2 minutes\" \/>\n<script type=\"application\/ld+json\" class=\"yoast-schema-graph\">{\"@context\":\"https:\/\/schema.org\",\"@graph\":[{\"@type\":\"WebPage\",\"@id\":\"https:\/\/alphaagrotech.com.br\/?page_id=13\",\"url\":\"https:\/\/alphaagrotech.com.br\/?page_id=13\",\"name\":\"Demonstra\u00e7\u00e3o - Alpha Agrotech\",\"isPartOf\":{\"@id\":\"https:\/\/alphaagrotech.com.br\/#website\"},\"primaryImageOfPage\":{\"@id\":\"https:\/\/alphaagrotech.com.br\/?page_id=13#primaryimage\"},\"image\":{\"@id\":\"https:\/\/alphaagrotech.com.br\/?page_id=13#primaryimage\"},\"thumbnailUrl\":\"http:\/\/alphaagrotech.com.br\/wp-content\/uploads\/2025\/09\/Logotipo-Alpha-Agrotech-white.svg\",\"datePublished\":\"2025-09-02T00:50:56+00:00\",\"dateModified\":\"2025-10-30T23:50:18+00:00\",\"breadcrumb\":{\"@id\":\"https:\/\/alphaagrotech.com.br\/?page_id=13#breadcrumb\"},\"inLanguage\":\"en-US\",\"potentialAction\":[{\"@type\":\"ReadAction\",\"target\":[\"https:\/\/alphaagrotech.com.br\/?page_id=13\"]}]},{\"@type\":\"ImageObject\",\"inLanguage\":\"en-US\",\"@id\":\"https:\/\/alphaagrotech.com.br\/?page_id=13#primaryimage\",\"url\":\"https:\/\/alphaagrotech.com.br\/wp-content\/uploads\/2025\/09\/Logotipo-Alpha-Agrotech-white.svg\",\"contentUrl\":\"https:\/\/alphaagrotech.com.br\/wp-content\/uploads\/2025\/09\/Logotipo-Alpha-Agrotech-white.svg\",\"width\":70,\"height\":23,\"caption\":\"Logotipo Alpha Agrotech\"},{\"@type\":\"BreadcrumbList\",\"@id\":\"https:\/\/alphaagrotech.com.br\/?page_id=13#breadcrumb\",\"itemListElement\":[{\"@type\":\"ListItem\",\"position\":1,\"name\":\"In\u00edcio\",\"item\":\"https:\/\/alphaagrotech.com.br\/\"},{\"@type\":\"ListItem\",\"position\":2,\"name\":\"Demonstra\u00e7\u00e3o\"}]},{\"@type\":\"WebSite\",\"@id\":\"https:\/\/alphaagrotech.com.br\/#website\",\"url\":\"https:\/\/alphaagrotech.com.br\/\",\"name\":\"Alpha Agrotech\",\"description\":\"O Alpha Agrotech \u00e9 o software que transforma a gest\u00e3o da sua propriedade rural com tecnologia e consultoria especializada.\",\"publisher\":{\"@id\":\"https:\/\/alphaagrotech.com.br\/#organization\"},\"alternateName\":\"Alpha Agrotech\",\"potentialAction\":[{\"@type\":\"SearchAction\",\"target\":{\"@type\":\"EntryPoint\",\"urlTemplate\":\"https:\/\/alphaagrotech.com.br\/?s={search_term_string}\"},\"query-input\":{\"@type\":\"PropertyValueSpecification\",\"valueRequired\":true,\"valueName\":\"search_term_string\"}}],\"inLanguage\":\"en-US\"},{\"@type\":\"Organization\",\"@id\":\"https:\/\/alphaagrotech.com.br\/#organization\",\"name\":\"Alpha Agrotech\",\"url\":\"https:\/\/alphaagrotech.com.br\/\",\"logo\":{\"@type\":\"ImageObject\",\"inLanguage\":\"en-US\",\"@id\":\"https:\/\/alphaagrotech.com.br\/#\/schema\/logo\/image\/\",\"url\":\"https:\/\/alphaagrotech.com.br\/wp-content\/uploads\/2025\/09\/Logotipo-Alpha-Agrotech.svg\",\"contentUrl\":\"https:\/\/alphaagrotech.com.br\/wp-content\/uploads\/2025\/09\/Logotipo-Alpha-Agrotech.svg\",\"width\":287,\"height\":97,\"caption\":\"Alpha Agrotech\"},\"image\":{\"@id\":\"https:\/\/alphaagrotech.com.br\/#\/schema\/logo\/image\/\"},\"sameAs\":[\"https:\/\/www.facebook.com\/profile.php?id=61578349989805\",\"https:\/\/www.instagram.com\/alpha_agrotech\/\"]}]}<\/script>\n<!-- \/ Yoast SEO plugin. -->","yoast_head_json":{"title":"Demonstra\u00e7\u00e3o - Alpha Agrotech","robots":{"index":"index","follow":"follow","max-snippet":"max-snippet:-1","max-image-preview":"max-image-preview:large","max-video-preview":"max-video-preview:-1"},"canonical":"https:\/\/alphaagrotech.com.br\/?page_id=13","og_locale":"en_US","og_type":"article","og_title":"Demonstra\u00e7\u00e3o - Alpha Agrotech","og_description":"Experimente uma gest\u00e3o \u00e1gil, precisa e digital por 7 dias gr\u00e1tis Tem d\u00favidas? Quer contratar nosso software? Fale conosco!","og_url":"https:\/\/alphaagrotech.com.br\/?page_id=13","og_site_name":"Alpha Agrotech","article_publisher":"https:\/\/www.facebook.com\/profile.php?id=61578349989805","article_modified_time":"2025-10-30T23:50:18+00:00","og_image":[{"url":"http:\/\/alphaagrotech.com.br\/wp-content\/uploads\/2025\/09\/Logotipo-Alpha-Agrotech-white.svg","type":"","width":"","height":""}],"twitter_card":"summary_large_image","twitter_misc":{"Est. reading time":"2 minutes"},"schema":{"@context":"https:\/\/schema.org","@graph":[{"@type":"WebPage","@id":"https:\/\/alphaagrotech.com.br\/?page_id=13","url":"https:\/\/alphaagrotech.com.br\/?page_id=13","name":"Demonstra\u00e7\u00e3o - Alpha Agrotech","isPartOf":{"@id":"https:\/\/alphaagrotech.com.br\/#website"},"primaryImageOfPage":{"@id":"https:\/\/alphaagrotech.com.br\/?page_id=13#primaryimage"},"image":{"@id":"https:\/\/alphaagrotech.com.br\/?page_id=13#primaryimage"},"thumbnailUrl":"http:\/\/alphaagrotech.com.br\/wp-content\/uploads\/2025\/09\/Logotipo-Alpha-Agrotech-white.svg","datePublished":"2025-09-02T00:50:56+00:00","dateModified":"2025-10-30T23:50:18+00:00","breadcrumb":{"@id":"https:\/\/alphaagrotech.com.br\/?page_id=13#breadcrumb"},"inLanguage":"en-US","potentialAction":[{"@type":"ReadAction","target":["https:\/\/alphaagrotech.com.br\/?page_id=13"]}]},{"@type":"ImageObject","inLanguage":"en-US","@id":"https:\/\/alphaagrotech.com.br\/?page_id=13#primaryimage","url":"https:\/\/alphaagrotech.com.br\/wp-content\/uploads\/2025\/09\/Logotipo-Alpha-Agrotech-white.svg","contentUrl":"https:\/\/alphaagrotech.com.br\/wp-content\/uploads\/2025\/09\/Logotipo-Alpha-Agrotech-white.svg","width":70,"height":23,"caption":"Logotipo Alpha Agrotech"},{"@type":"BreadcrumbList","@id":"https:\/\/alphaagrotech.com.br\/?page_id=13#breadcrumb","itemListElement":[{"@type":"ListItem","position":1,"name":"In\u00edcio","item":"https:\/\/alphaagrotech.com.br\/"},{"@type":"ListItem","position":2,"name":"Demonstra\u00e7\u00e3o"}]},{"@type":"WebSite","@id":"https:\/\/alphaagrotech.com.br\/#website","url":"https:\/\/alphaagrotech.com.br\/","name":"Alpha Agrotech","description":"O Alpha Agrotech \u00e9 o software que transforma a gest\u00e3o da sua propriedade rural com tecnologia e consultoria especializada.","publisher":{"@id":"https:\/\/alphaagrotech.com.br\/#organization"},"alternateName":"Alpha Agrotech","potentialAction":[{"@type":"SearchAction","target":{"@type":"EntryPoint","urlTemplate":"https:\/\/alphaagrotech.com.br\/?s={search_term_string}"},"query-input":{"@type":"PropertyValueSpecification","valueRequired":true,"valueName":"search_term_string"}}],"inLanguage":"en-US"},{"@type":"Organization","@id":"https:\/\/alphaagrotech.com.br\/#organization","name":"Alpha Agrotech","url":"https:\/\/alphaagrotech.com.br\/","logo":{"@type":"ImageObject","inLanguage":"en-US","@id":"https:\/\/alphaagrotech.com.br\/#\/schema\/logo\/image\/","url":"https:\/\/alphaagrotech.com.br\/wp-content\/uploads\/2025\/09\/Logotipo-Alpha-Agrotech.svg","contentUrl":"https:\/\/alphaagrotech.com.br\/wp-content\/uploads\/2025\/09\/Logotipo-Alpha-Agrotech.svg","width":287,"height":97,"caption":"Alpha Agrotech"},"image":{"@id":"https:\/\/alphaagrotech.com.br\/#\/schema\/logo\/image\/"},"sameAs":["https:\/\/www.facebook.com\/profile.php?id=61578349989805","https:\/\/www.instagram.com\/alpha_agrotech\/"]}]}},"_links":{"self":[{"href":"https:\/\/alphaagrotech.com.br\/index.php?rest_route=\/wp\/v2\/pages\/13","targetHints":{"allow":["GET"]}}],"collection":[{"href":"https:\/\/alphaagrotech.com.br\/index.php?rest_route=\/wp\/v2\/pages"}],"about":[{"href":"https:\/\/alphaagrotech.com.br\/index.php?rest_route=\/wp\/v2\/types\/page"}],"author":[{"embeddable":true,"href":"https:\/\/alphaagrotech.com.br\/index.php?rest_route=\/wp\/v2\/users\/1"}],"replies":[{"embeddable":true,"href":"https:\/\/alphaagrotech.com.br\/index.php?rest_route=%2Fwp%2Fv2%2Fcomments&post=13"}],"version-history":[{"count":24,"href":"https:\/\/alphaagrotech.com.br\/index.php?rest_route=\/wp\/v2\/pages\/13\/revisions"}],"predecessor-version":[{"id":1457,"href":"https:\/\/alphaagrotech.com.br\/index.php?rest_route=\/wp\/v2\/pages\/13\/revisions\/1457"}],"wp:attachment":[{"href":"https:\/\/alphaagrotech.com.br\/index.php?rest_route=%2Fwp%2Fv2%2Fmedia&parent=13"}],"curies":[{"name":"wp","href":"https:\/\/api.w.org\/{rel}","templated":true}]}}